{"id":72,"date":"2018-09-15T17:45:26","date_gmt":"2018-09-15T17:45:26","guid":{"rendered":"http:\/\/test.anjoho.de\/?page_id=72"},"modified":"2018-09-20T19:14:50","modified_gmt":"2018-09-20T19:14:50","slug":"datenschutzerklaerung","status":"publish","type":"page","link":"https:\/\/schmetterlinge-im-kopf.net\/?page_id=72","title":{"rendered":"Datenschutzerkl\u00e4rung"},"content":{"rendered":"<p style=\"text-align: center;\"><span style=\"font-family: Times New Roman, Times; font-size: 36pt; color: #000000;\">Datenschutzerkl\u00e4rung<\/span><\/p>\n<p>&nbsp;<\/p>\n<p><span style=\"font-family: Arial, Helvetica, sans-serif; font-size: 12pt;\">Der Schutz Ihrer personenbezogenen Daten ist uns wichtig. Nach der EU-Datenschutz-Grundverordnung (DSGVO) bin ich verpflichtet, Sie dar\u00fcber zu informieren, zu welchem Zweck in meiner Firma Daten erhoben, gespeichert oder weitergeleitet werden. Der Information k\u00f6nnen Sie auch entnehmen, welche Rechte Sie in puncto Datenschutz haben.<\/span><\/p>\n<p>&nbsp;<\/p>\n<p><span style=\"font-family: Arial, Helvetica, sans-serif; font-size: 12pt;\"><strong> 1. VERANTWORTLICHKEIT F\u00dcR DIE DATENVERARBEITUNG<\/strong><\/span><\/p>\n<p><span style=\"font-family: Arial, Helvetica, sans-serif; font-size: 12pt;\">Verantwortlich f\u00fcr die Datenverarbeitung ist:<\/span><\/p>\n<p><span style=\"font-family: Arial, Helvetica, sans-serif; font-size: 12pt;\"><strong>Firmenname:<\/strong> Schmetterlinge im Kopf<\/span><\/p>\n<p><span style=\"font-family: Arial, Helvetica, sans-serif; font-size: 12pt;\"><strong>Verantwortliche Person: <\/strong>Iris Junghans<\/span><\/p>\n<p><span style=\"font-family: Arial, Helvetica, sans-serif; font-size: 12pt;\"><strong>Adresse: <\/strong>Stapelholmer Weg 5, 24887 Silberstedt<\/span><\/p>\n<p><span style=\"font-family: Arial, Helvetica, sans-serif; font-size: 12pt;\"><strong>Telefon<\/strong>: Telefon: 04625\/8227477<\/span><\/p>\n<p><span style=\"font-family: Arial, Helvetica, sans-serif; font-size: 12pt;\"><strong>Email:<\/strong> Schmetterlinge-im-kopf@gmx.de<\/span><\/p>\n<p>&nbsp;<\/p>\n<p><span style=\"font-family: Arial, Helvetica, sans-serif; font-size: 12pt;\"><strong> 2. ZWECK DER DATENVERARBEITUNG<\/strong><\/span><\/p>\n<p><span style=\"font-family: Arial, Helvetica, sans-serif; font-size: 12pt;\">Die Datenverarbeitung erfolgt aufgrund gesetzlicher Vorgaben, um der Betreuungsarbeit zwischen Ihnen und Ihrem Alltagsbegleiter\/inBetreuer\/in und die damit verbundenen Pflichten zu erf\u00fcllen.<\/span><\/p>\n<p><span style=\"font-family: Arial, Helvetica, sans-serif; font-size: 12pt;\">Hierzu verarbeiten wir Ihre personenbezogenen Daten, insbesondere Ihre Gesundheitsdaten. Hierzu z\u00e4hlen Anamnesen, Diagnosen, Therapievorschl\u00e4ge und Befunde, die wir oder \u00c4rzte erheben. Zu diesen Zwecken k\u00f6nnen uns auch andere \u00c4rzte, Psychotherapeuten oder Kranken- und Pflegekassen, bei denen Sie gef\u00fchrt werden, Daten zur Verf\u00fcgung stellen (Bspw. in Arztbriefen, Pflegestufe u.s.w.)<\/span><\/p>\n<p><span style=\"font-family: Arial, Helvetica, sans-serif; font-size: 12pt;\">Die Erhebung von Gesundheitsdaten ist Voraussetzung f\u00fcr unsere Zusammenarbeit. Werden die notwendigen Informationen nicht bereitgestellt, kann eine sorgf\u00e4ltige Betreuung nicht erfolgen.<\/span><\/p>\n<p>&nbsp;<\/p>\n<p><span style=\"font-family: Arial, Helvetica, sans-serif; font-size: 12pt;\"><strong>3. EMPF\u00c4NGER IHRER DATEN<\/strong><\/span><\/p>\n<p><span style=\"font-family: Arial, Helvetica, sans-serif; font-size: 12pt;\">Wir\u00fcbermitteln Ihre personenbezogenen Daten nur dann an Dritte, wenn dies gesetzlich erlaubt ist oder Sie zuvor eingewilligt haben.<\/span><\/p>\n<p><span style=\"font-family: Arial, Helvetica, sans-serif; font-size: 12pt;\">Empf\u00e4nger Ihrer personenbezogenen Daten k\u00f6nnen vor allem \u00c4rzte \/ Psychotherapeuten, Kassen\u00e4rztliche Vereinigungen, Krankenkassen, der Medizinische Dienst der Krankenversicherung, \u00c4rztekammern und privat\u00e4rztliche Verrechnungsstellen sein.<\/span><\/p>\n<p><span style=\"font-family: Arial, Helvetica, sans-serif; font-size: 12pt;\">Die \u00dcbermittlung erfolgt \u00fcberwiegend zum Zwecke der Abrechnung der bei Ihnen erbrachten Leistungen. Im Einzelfall erfolgt die \u00dcbermittlung von Daten per Brief an weitere berechtigte Empf\u00e4nger.<\/span><\/p>\n<p><span style=\"font-family: Arial, Helvetica, sans-serif; font-size: 12pt;\"><strong>\u00a0<\/strong><strong>4. <\/strong><strong>SPEICHERUNG IHRER DATEN<\/strong><\/span><\/p>\n<p><span style=\"font-family: Arial, Helvetica, sans-serif; font-size: 12pt;\">Aufgrund rechtlicher Vorgaben sind wir dazu verpflichtet, personenbezogenen Daten mindestens 10 Jahre nach Abschluss der Betreuung aufzubewahren.<\/span><\/p>\n<p><span style=\"font-family: Arial, Helvetica, sans-serif; font-size: 12pt;\"><strong>5.IHRE RECHTE <\/strong><\/span><\/p>\n<p><span style=\"font-family: Arial, Helvetica, sans-serif; font-size: 12pt;\">Sie haben jederzeit das Recht, \u00fcber die f\u00fcr Sie erhobenen personenbezogenen Daten Auskunft zu erhalten. Auch k\u00f6nnen Sie die Berichtigung unrichtiger Daten verlangen.<\/span><\/p>\n<p><span style=\"font-family: Arial, Helvetica, sans-serif; font-size: 12pt;\">Dar\u00fcber hinaus steht Ihnen unter bestimmten Voraussetzungen das Recht auf L\u00f6schung von Daten, das Recht auf Einschr\u00e4nkung der Datenverarbeitung sowie das Recht auf Daten\u00fcbertragbarkeit zu.<\/span><\/p>\n<p><span style=\"font-family: Arial, Helvetica, sans-serif; font-size: 12pt;\">Die Verarbeitung Ihrer Daten erfolgt auf Basis von gesetzlichen Regelungen. Nur in Ausnahmef\u00e4llen ben\u00f6tigen wir Ihr Einverst\u00e4ndnis. In diesen F\u00e4llen haben Sie das Recht, die Einwilligung f\u00fcr die zuk\u00fcnftige Verarbeitung schriftlich zu widerrufen.<\/span><\/p>\n<p><span style=\"font-family: Arial, Helvetica, sans-serif; font-size: 12pt;\">Sie haben ferner das Recht, sich bei der zust\u00e4ndigen Aufsichtsbeh\u00f6rde f\u00fcr den Datenschutz zu beschweren, wenn Sie der Ansicht sind, dass die Verarbeitung Ihrer personenbezogenen Daten nicht rechtm\u00e4\u00dfig erfolgt.<\/span><\/p>\n<p><strong><span style=\"font-family: Arial, Helvetica, sans-serif; font-size: 12pt;\">6. RECHTLICHE GRUNDLAGEN<\/span><\/strong><\/p>\n<p><span style=\"font-family: Arial, Helvetica, sans-serif; font-size: 12pt;\">Rechtsgrundlage f\u00fcr die Verarbeitung Ihrer Daten ist Artikel 9 Absatz 2 lit. h. DSGVO in Verbindung mit Paragraf 22 Absatz 1 Nr. 1 lit. b. Bundesdatenschutzgesetz. Sollten Sie Fragen haben, k\u00f6nnen Sie sich gern an uns wenden.<\/span><\/p>\n<p><span style=\"font-family: Arial, Helvetica, sans-serif; font-size: 12pt;\"><a href=\"http:\/\/schmetterlinge-im-kopf.net\/wp-content\/uploads\/2018\/09\/Datenschutz-Erkl\u00e4rung-f\u00fcr-Schmetterlinge-im-Kopf-1.pdf\" target=\"_blank\" rel=\"noopener\">DSGVO hier zum Download<\/a><\/span><\/p>\n","protected":false},"excerpt":{"rendered":"<p>Datenschutzerkl\u00e4rung &nbsp; Der Schutz Ihrer personenbezogenen Daten ist uns wichtig. Nach der EU-Datenschutz-Grundverordnung (DSGVO) bin ich verpflichtet, Sie dar\u00fcber zu informieren, zu welchem Zweck in meiner Firma Daten erhoben, gespeichert oder weitergeleitet werden. Der Information k\u00f6nnen Sie auch entnehmen, welche Rechte Sie in puncto Datenschutz haben. &nbsp; 1. VERANTWORTLICHKEIT F\u00dcR DIE DATENVERARBEITUNG Verantwortlich f\u00fcr die&hellip;<\/p>\n","protected":false},"author":1,"featured_media":0,"parent":0,"menu_order":0,"comment_status":"closed","ping_status":"closed","template":"","meta":{"footnotes":""},"class_list":["post-72","page","type-page","status-publish","hentry"],"_links":{"self":[{"href":"https:\/\/schmetterlinge-im-kopf.net\/index.php?rest_route=\/wp\/v2\/pages\/72","targetHints":{"allow":["GET"]}}],"collection":[{"href":"https:\/\/schmetterlinge-im-kopf.net\/index.php?rest_route=\/wp\/v2\/pages"}],"about":[{"href":"https:\/\/schmetterlinge-im-kopf.net\/index.php?rest_route=\/wp\/v2\/types\/page"}],"author":[{"embeddable":true,"href":"https:\/\/schmetterlinge-im-kopf.net\/index.php?rest_route=\/wp\/v2\/users\/1"}],"replies":[{"embeddable":true,"href":"https:\/\/schmetterlinge-im-kopf.net\/index.php?rest_route=%2Fwp%2Fv2%2Fcomments&post=72"}],"version-history":[{"count":5,"href":"https:\/\/schmetterlinge-im-kopf.net\/index.php?rest_route=\/wp\/v2\/pages\/72\/revisions"}],"predecessor-version":[{"id":290,"href":"https:\/\/schmetterlinge-im-kopf.net\/index.php?rest_route=\/wp\/v2\/pages\/72\/revisions\/290"}],"wp:attachment":[{"href":"https:\/\/schmetterlinge-im-kopf.net\/index.php?rest_route=%2Fwp%2Fv2%2Fmedia&parent=72"}],"curies":[{"name":"wp","href":"https:\/\/api.w.org\/{rel}","templated":true}]}}