{"id":636,"date":"2021-11-18T20:12:53","date_gmt":"2021-11-18T20:12:53","guid":{"rendered":"http:\/\/schmetterlinge-im-kopf.net\/?page_id=636"},"modified":"2022-01-25T11:10:00","modified_gmt":"2022-01-25T11:10:00","slug":"agb","status":"publish","type":"page","link":"https:\/\/schmetterlinge-im-kopf.net\/?page_id=636","title":{"rendered":"AGB"},"content":{"rendered":"\n<p class=\"has-text-color has-medium-font-size\" style=\"color:#0a6c61\"><strong>Anmeldung<\/strong>: Ihre Anmeldung muss schriftlich erfolgen. Als eine inhaltlich gleiche Anmeldung, ist auch eine E-Mail zul\u00e4ssig. Ihre Anmeldung wird erst nach unserer schriftlichen Best\u00e4tigung mit Brief oder durch eine E-Mail bindend. Ihre Anmeldung wird in der Reihenfolge der Eing\u00e4nge ber\u00fccksichtigt. Kurzfristige Anmeldungen, vor Seminarbeginn, sind nach Absprache m\u00f6glich. Der Ort der Ausbildung wird Ihnen mit der Anmeldebest\u00e4tigung schriftlich mitgeteilt. Als Schriftform ist auch die Versendung einer E-Mail zul\u00e4ssig.<\/p>\n\n\n\n<p class=\"has-text-color has-medium-font-size\" style=\"color:#0a6c61\"><strong>Zahlungen<\/strong>: Mit unserer schriftlichen Anmeldebest\u00e4tigung erhalten Sie eine Zahlungsbenachrichtigung. Als Schriftform ist auch die Versendung einer E-Mail zul\u00e4ssig. Nach Erhalt der Rechnung ist die Teilnahmegeb\u00fchr, auf das angegebene Konto ohne Abzug zu \u00fcberweisen. Bei kurzfristigen Anmeldungen ist nach telefonischer Absprache und Best\u00e4tigung durch E-Mail, die Teilnahmegeb\u00fchr vor Seminarbeginn in bar \/ EC zu entrichten.<\/p>\n\n\n\n<p class=\"has-text-color has-medium-font-size\" style=\"color:#0a6c61\"><strong>Teilnahmebescheinigung \/ Nachweise: <\/strong>Die Teilnahmebescheinigung oder auch Nachweise der Schulung werden erst, an den Auftraggeber versendet, wenn der Rechnungsbetrag auf unserem Konto gutgeschrieben ist. Teilnahmebescheinigungen, die digital an eine beh\u00f6rdliche Stelle \u00fcbermittelt werden m\u00fcssen, werden ebenfalls erst nach Rechnungsausgleich \u00fcbermittelt.<\/p>\n\n\n\n<p class=\"has-text-color has-medium-font-size\" style=\"color:#0a6c61\"><strong>Stornierung<\/strong>: Eine Stornierung ohne triftigen Grund ist nicht zul\u00e4ssig. Es gilt der schriftliche Eingang bei uns. Eine Stornierung bis zum 30. Tag vor Seminarbeginn ist kostenfrei. Bei einer Stornierung bis zum 12. Tag vor Seminarbeginn fallen 25 % der Seminargeb\u00fchren an. Bei einer Stornierung bis zum 6. Tag vor Seminarbeginn fallen 50&nbsp;% der Seminargeb\u00fchren an. Bei einer Stornierung ab dem 5. Tag vor Seminarbeginn und bei Fernbleiben oder Abbruch der Teilnahme erfolgt keine Kostenerstattung. Die Teilnahme durch einen Ersatzteilnehmer ist, nach schriftlicher Benennung und nach Pr\u00fcfung der erforderlichen Voraussetzungen f\u00fcr die Teilnahme, m\u00f6glich.<\/p>\n\n\n\n<p class=\"has-text-color has-medium-font-size\" style=\"color:#0a6c61\"><strong>Ver\u00e4nderungen bei der Seminardurchf\u00fchrung<\/strong>: Mit dem Ausfall eines Ausbilders und auch bei zu geringer Teilnehmerzahl, wird eine neue Planung erforderlich (Neuer Termin, Absage!). Eine Verlegung des Ortes der Ausbildung ist zul\u00e4ssig. Wird eine Ausbildung abgesagt, erstatten wir Ihnen umgehend die bezahlten Teilnahmegeb\u00fchren. Weitere Anspr\u00fcche sind ausgeschlossen. Die Benachrichtigung erfolgt schriftlich. Als Schriftform ist auch die Versendung einer E-Mail zul\u00e4ssig. &nbsp;<\/p>\n\n\n\n<p class=\"has-text-color has-medium-font-size\" style=\"color:#0a6c61\"><strong>Datenschutz<\/strong>: Ihre pers\u00f6nlichen Daten werden nur f\u00fcr die Schulungsdurchf\u00fchrung und Ergebnisprotokolle gespeichert. F\u00fcr Internetseiten und Links von Unternehmen, die \u00fcber diese Webseiten erreichbar oder genannt sind, wird keine Haftung oder Verantwortung \u00fcbernommen.<\/p>\n","protected":false},"excerpt":{"rendered":"<p>Anmeldung: Ihre Anmeldung muss schriftlich erfolgen. Als eine inhaltlich gleiche Anmeldung, ist auch eine E-Mail zul\u00e4ssig. Ihre Anmeldung wird erst nach unserer schriftlichen Best\u00e4tigung mit Brief oder durch eine E-Mail bindend. Ihre Anmeldung wird in der Reihenfolge der Eing\u00e4nge ber\u00fccksichtigt. Kurzfristige Anmeldungen, vor Seminarbeginn, sind nach Absprache m\u00f6glich. Der Ort der Ausbildung wird Ihnen mit&hellip;<\/p>\n","protected":false},"author":3,"featured_media":0,"parent":0,"menu_order":0,"comment_status":"closed","ping_status":"closed","template":"","meta":{"footnotes":""},"class_list":["post-636","page","type-page","status-publish","hentry"],"_links":{"self":[{"href":"https:\/\/schmetterlinge-im-kopf.net\/index.php?rest_route=\/wp\/v2\/pages\/636","targetHints":{"allow":["GET"]}}],"collection":[{"href":"https:\/\/schmetterlinge-im-kopf.net\/index.php?rest_route=\/wp\/v2\/pages"}],"about":[{"href":"https:\/\/schmetterlinge-im-kopf.net\/index.php?rest_route=\/wp\/v2\/types\/page"}],"author":[{"embeddable":true,"href":"https:\/\/schmetterlinge-im-kopf.net\/index.php?rest_route=\/wp\/v2\/users\/3"}],"replies":[{"embeddable":true,"href":"https:\/\/schmetterlinge-im-kopf.net\/index.php?rest_route=%2Fwp%2Fv2%2Fcomments&post=636"}],"version-history":[{"count":3,"href":"https:\/\/schmetterlinge-im-kopf.net\/index.php?rest_route=\/wp\/v2\/pages\/636\/revisions"}],"predecessor-version":[{"id":670,"href":"https:\/\/schmetterlinge-im-kopf.net\/index.php?rest_route=\/wp\/v2\/pages\/636\/revisions\/670"}],"wp:attachment":[{"href":"https:\/\/schmetterlinge-im-kopf.net\/index.php?rest_route=%2Fwp%2Fv2%2Fmedia&parent=636"}],"curies":[{"name":"wp","href":"https:\/\/api.w.org\/{rel}","templated":true}]}}