{"id":58,"date":"2018-09-15T17:40:32","date_gmt":"2018-09-15T17:40:32","guid":{"rendered":"http:\/\/test.anjoho.de\/?page_id=58"},"modified":"2025-11-05T10:48:53","modified_gmt":"2025-11-05T10:48:53","slug":"betreuung","status":"publish","type":"page","link":"https:\/\/schmetterlinge-im-kopf.net\/?page_id=58","title":{"rendered":"Betreuung"},"content":{"rendered":"<p style=\"text-align: center;\"><span style=\"font-size: 36pt; color: #000000; font-family: Times New Roman, Times;\">Betreuung<\/span><\/p>\n<p style=\"text-align: center;\"><strong><span style=\"color: #ff0000; font-family: Times New Roman, Times; font-size: 18pt;\">Sehr geehrte Interessenten, aktuell k\u00f6nnen wir Ihnen kein Betreuungsangebot erstellen. <\/span><\/strong><\/p>\n<p style=\"text-align: center;\"><strong><span style=\"color: #ff0000; font-family: Times New Roman, Times; font-size: 18pt;\">Wir hoffen auf Ihr Verst\u00e4ndnis.<\/span><\/strong><\/p>\n<p style=\"text-align: center;\"><strong><span style=\"color: #ff0000; font-family: Times New Roman, Times; font-size: 18pt;\">Stand Nov.2025<\/span><\/strong><\/p>\n<ul>\n<li style=\"text-align: center;\"><span style=\"font-family: Times New Roman, Times; font-size: 18pt; color: #36af97;\"><a style=\"color: #36af97; text-decoration: underline;\" href=\"http:\/\/schmetterlinge-im-kopf.net\/?page_id=38\"><span style=\"color: #287d6c; text-decoration: underline;\">Ich biete dem zu Betreuenden<\/span><\/a><\/span><\/li>\n<li style=\"text-align: center;\"><span style=\"font-family: Times New Roman, Times; font-size: 18pt; color: #287d6c;\"><a style=\"color: #287d6c;\" href=\"http:\/\/schmetterlinge-im-kopf.net\/?page_id=40\"><span style=\"text-decoration: underline;\">F\u00fcr den Angeh\u00f6rigen<\/span><\/a><\/span><\/li>\n<li style=\"text-align: center;\"><span style=\"font-family: Times New Roman, Times; font-size: 18pt; color: #287d6c;\"><a style=\"color: #287d6c;\" href=\"http:\/\/schmetterlinge-im-kopf.net\/?page_id=42\"><span style=\"text-decoration: underline;\">Schmetterlinge im Kopf unterst\u00fctzt Sie bei<\/span><\/a><\/span><\/li>\n<li style=\"text-align: center;\"><span style=\"font-family: Times New Roman, Times; font-size: 18pt; color: #287d6c;\"><a style=\"color: #287d6c;\" href=\"http:\/\/schmetterlinge-im-kopf.net\/?page_id=44\"><span style=\"text-decoration: underline;\">Mein Angebot f\u00fcr Sie<\/span><\/a><\/span><\/li>\n<li style=\"text-align: center;\"><span style=\"font-family: Times New Roman, Times; font-size: 18pt; color: #287d6c;\"><a style=\"color: #287d6c;\" href=\"http:\/\/schmetterlinge-im-kopf.net\/?page_id=46\"><span style=\"text-decoration: underline;\">W\u00fcnsche und Aktivierungen<\/span><\/a><\/span><\/li>\n<\/ul>\n","protected":false},"excerpt":{"rendered":"<p>Betreuung Sehr geehrte Interessenten, aktuell k\u00f6nnen wir Ihnen kein Betreuungsangebot erstellen. Wir hoffen auf Ihr Verst\u00e4ndnis. Stand Nov.2025 Ich biete dem zu Betreuenden F\u00fcr den Angeh\u00f6rigen Schmetterlinge im Kopf unterst\u00fctzt Sie bei Mein Angebot f\u00fcr Sie W\u00fcnsche und Aktivierungen<\/p>\n","protected":false},"author":1,"featured_media":0,"parent":0,"menu_order":0,"comment_status":"closed","ping_status":"closed","template":"","meta":{"footnotes":""},"class_list":["post-58","page","type-page","status-publish","hentry"],"_links":{"self":[{"href":"https:\/\/schmetterlinge-im-kopf.net\/index.php?rest_route=\/wp\/v2\/pages\/58","targetHints":{"allow":["GET"]}}],"collection":[{"href":"https:\/\/schmetterlinge-im-kopf.net\/index.php?rest_route=\/wp\/v2\/pages"}],"about":[{"href":"https:\/\/schmetterlinge-im-kopf.net\/index.php?rest_route=\/wp\/v2\/types\/page"}],"author":[{"embeddable":true,"href":"https:\/\/schmetterlinge-im-kopf.net\/index.php?rest_route=\/wp\/v2\/users\/1"}],"replies":[{"embeddable":true,"href":"https:\/\/schmetterlinge-im-kopf.net\/index.php?rest_route=%2Fwp%2Fv2%2Fcomments&post=58"}],"version-history":[{"count":19,"href":"https:\/\/schmetterlinge-im-kopf.net\/index.php?rest_route=\/wp\/v2\/pages\/58\/revisions"}],"predecessor-version":[{"id":950,"href":"https:\/\/schmetterlinge-im-kopf.net\/index.php?rest_route=\/wp\/v2\/pages\/58\/revisions\/950"}],"wp:attachment":[{"href":"https:\/\/schmetterlinge-im-kopf.net\/index.php?rest_route=%2Fwp%2Fv2%2Fmedia&parent=58"}],"curies":[{"name":"wp","href":"https:\/\/api.w.org\/{rel}","templated":true}]}}