{"id":155,"date":"2018-09-16T19:50:59","date_gmt":"2018-09-16T19:50:59","guid":{"rendered":"http:\/\/schmetterlinge-im-kopf.net\/?page_id=155"},"modified":"2026-04-30T11:32:54","modified_gmt":"2026-04-30T11:32:54","slug":"kurse","status":"publish","type":"page","link":"https:\/\/schmetterlinge-im-kopf.net\/?page_id=155","title":{"rendered":"Workshop`s und Fortbildungen"},"content":{"rendered":"<p style=\"text-align: center;\"><span style=\"font-size: 36pt;\"><span style=\"font-family: Times New Roman, Times;\">\u00a0<\/span><\/span><\/p>\n<p style=\"text-align: center;\"><span style=\"font-family: Times New Roman, Times; font-size: 36pt;\"><img loading=\"lazy\" decoding=\"async\" class=\"alignnone wp-image-800 \" src=\"http:\/\/schmetterlinge-im-kopf.net\/wp-content\/uploads\/2025\/01\/2025-300x114.jpg\" alt=\"\" width=\"379\" height=\"144\" srcset=\"https:\/\/schmetterlinge-im-kopf.net\/wp-content\/uploads\/2025\/01\/2025-300x114.jpg 300w, https:\/\/schmetterlinge-im-kopf.net\/wp-content\/uploads\/2025\/01\/2025-768x292.jpg 768w, https:\/\/schmetterlinge-im-kopf.net\/wp-content\/uploads\/2025\/01\/2025.jpg 820w\" sizes=\"auto, (max-width: 379px) 100vw, 379px\" \/><\/span><\/p>\n<p style=\"text-align: center;\"><span style=\"font-family: Book Antiqua, Palatino; font-size: 24pt; color: #008080;\"><strong><u>Workshop &#8211; Pflichtfortbildungen\u00a0<\/u><\/strong><\/span><\/p>\n<p style=\"text-align: center;\"><span style=\"font-family: Book Antiqua, Palatino; font-size: 18pt; color: #1c7070;\"><u><span style=\"color: #008080;\">f\u00fcr Betreuungsassistenten\/innen &amp; Alltagsbegleiter\/innen<\/span> <\/u><\/span><\/p>\n<p style=\"text-align: center;\"><span style=\"color: #993366; font-family: Book Antiqua, Palatino;\"><strong>Alle Fortbildung im Rahmen der Richtlinien gem\u00e4\u00df \u00a753b \u00a743b \u00a753c und \u00a745a SGB XI<\/strong><\/span><\/p>\n<hr \/>\n<p><span style=\"font-family: Times New Roman, Times; font-size: 14pt; color: #008080;\">Lieber Workshop Interessent\/in,<\/span><\/p>\n<p><span style=\"font-family: Times New Roman, Times; font-size: 14pt; color: #008080;\">Der Veranstaltungsort ist im Stapelholmer Weg 5 in 24887 Silberstedt OT Esperstoft in unserem Workshopraum \/ Atelier.<\/span><\/p>\n<p><span style=\"font-family: Times New Roman, Times; font-size: 14pt; color: #008080;\">Jeder Workshop Tag beginnt um 9.00 Uhr und endet um 16.00 Uhr. (8 UE)<\/span><\/p>\n<p><span style=\"font-family: Times New Roman, Times; font-size: 14pt; color: #008080;\">Alle Veranstaltungen sind bis max. 10 Teilnehmer begrenzt. Somit k\u00f6nnen wir eine sehr intensive Schulung garantieren. Der Ablauf von einem Workshop Tag besteht aus einem Theorie und Praxis Teil, in dem gelerntes in die Praxis umgesetzt wird. Der Praxisteil findet ab ca. 13.00 Uhr zum Teil drau\u00dfen \u00fcberdacht statt, sofern das Wetter es zul\u00e4sst.<\/span><\/p>\n<p><span style=\"font-family: Times New Roman, Times; font-size: 14pt; color: #008080;\">Gegen Mittag gibt es eine l\u00e4ngere Pause, da k\u00f6nnen sich die Teilnehmer gern einen kleinen Imbiss mitbringen.<\/span><\/p>\n<p><span style=\"font-family: Times New Roman, Times; font-size: 14pt; color: #008080;\">Bei einem gemeinsamen Fr\u00fchst\u00fcck mit belegten Br\u00f6tchen und Obstteller findet ein sehr interessanter Austausch von allen Beteiligten statt. Getr\u00e4nke wie Kaffee, Tee und verschiedene kalt Getr\u00e4nke stehen allen Teilnehmern\/innen den ganzen Tag zur Verf\u00fcgung und im Preis enthalten.<\/span><\/p>\n<p><span style=\"font-family: Times New Roman, Times; font-size: 14pt; color: #008080;\">Im Workshop-Preis pro Teilnehmer\/in enthalten sind 15,00 \u20ac Materialkosten f\u00fcr den Praxisteil, hei\u00dfe und kalte Getr\u00e4nke, Fr\u00fchst\u00fcck, ein gebundenes Handout, Bonus Dateien zum Thema per Mail, sowie die kreierten Werkst\u00fccke vom Workshop.<\/span><\/p>\n<p><span style=\"font-family: Times New Roman, Times; font-size: 14pt; color: #008080;\">Am Ende eines Workshops erh\u00e4lt jeder Teilnehmer\/in eine Teilnehmerbescheinigung mit 8 Unterrichtseinheiten (8UE).<\/span><\/p>\n<p><span style=\"font-family: Times New Roman, Times; font-size: 14pt; color: #008080;\">F\u00fcr Fragen erreichen Sie mich unter 04625 8227477.<\/span><\/p>\n<p><span style=\"font-family: Times New Roman, Times; font-size: 14pt; color: #008080;\">Bei Interesse gern Anmelden unter:<\/span><\/p>\n<p><span style=\"font-family: Times New Roman, Times; font-size: 14pt; color: #008080;\"><strong>info@schmetterlinge-im-kopf.net<\/strong><\/span><\/p>\n<p><span style=\"color: #993366;\"><strong><span style=\"font-family: Times New Roman, Times;\">*Ausbildungsinhalte f\u00fcr alle Themen findet Ihr in der Rubrik &#8222;Ausbildungsinhalte&#8220;<\/span><\/strong><\/span><\/p>\n<p>&nbsp;<\/p>\n<p>&nbsp;<\/p>\n<hr \/>\n<p><span style=\"font-family: Book Antiqua, Palatino; font-size: 14pt; color: #008080;\">Di.\u00a0 24.02.2026\u00a0 Sinnvolle Ideen in der Seniorenbetreuung zur kalten Jahreszeit\u00a0 \u00a0 \u00a0 <span style=\"color: #000000;\"><strong>beendet<\/strong><\/span><\/span><\/p>\n<hr \/>\n<p><span style=\"font-family: Book Antiqua, Palatino; font-size: 14pt; color: #008080;\">Do. 12.03.2026\u00a0 Milieugestaltung in der Seniorenbetreuung \u2013 Wohlf\u00fchlbereiche\u00a0\u00a0\u00a0 120,00 \u20ac\u00a0 \u00a0<span style=\"color: #000000;\"> <strong>beendet<\/strong><\/span><\/span><\/p>\n<hr \/>\n<p><span style=\"font-family: Book Antiqua, Palatino; font-size: 14pt; color: #008080;\">Do. 26.03.2026\u00a0 M\u00e4nnerbesch\u00e4ftigung-zeitgem\u00e4\u00dfe Angebote-n\u00e4chste Generation-KI nutzen 125,00 \u20ac\u00a0 \u00a0 <strong><span style=\"color: #000000;\">beendet<\/span><\/strong><\/span><\/p>\n<hr \/>\n<p><span style=\"font-family: Book Antiqua, Palatino; font-size: 14pt; color: #008080;\">Fr. 10.04.2026\u00a0 Fr\u00fchlingsworkshop f\u00fcr Betreuungsassistenten -von kognitiv bis kreativ\u00a0 \u00a0120,00 \u20ac\u00a0<span style=\"color: #000000;\"><strong> beendet<\/strong><\/span><\/span><\/p>\n<hr \/>\n<p><span style=\"font-family: Book Antiqua, Palatino; font-size: 14pt; color: #008080;\">Di. 21.04.2026\u00a0 Seniorenbetreuung bei Sucht- und anderen Abh\u00e4ngigkeiten und Zw\u00e4ngen im Alter 110,00 \u20ac <span style=\"color: #000000;\"><strong>beendet<\/strong><\/span><\/span><\/p>\n<hr \/>\n<p><span style=\"font-family: Book Antiqua, Palatino; font-size: 14pt; color: #008080;\">\u00a0M\u00e4nnerbesch\u00e4ftigung-zeitgem\u00e4\u00dfe Angebote-n\u00e4chste Generation-KI nutzen 125,00 \u20ac <strong><span style=\"color: #ff00ff;\">Termin wird verschoben und zeitnah bekannt gegeben<\/span><\/strong><\/span><\/p>\n<hr \/>\n<p><span style=\"font-family: Book Antiqua, Palatino; font-size: 14pt; color: #008080;\">Ver\u00e4nderungen von K\u00f6rper und Geist im Alter-sinnvolle Hilfsmittel-KI-Notfalldose 110,00 \u20ac <span style=\"color: #ff00ff;\"><strong>Termin wird verschoben und zeitnah bekannt gegeben<\/strong><\/span><\/span><\/p>\n<hr \/>\n<p><span style=\"font-family: Book Antiqua, Palatino; font-size: 14pt; color: #008080;\">Do. 04.06.2026\u00a0 \u00a0Milieugestaltung in der Seniorenbetreuung \u2013 Wohlf\u00fchlbereiche\u00a0\u00a0\u00a0 120,00 \u20ac\u00a0 <span style=\"color: #99cc00;\">noch freie Pl\u00e4tze<\/span><\/span><\/p>\n<hr \/>\n<p><span style=\"font-family: Book Antiqua, Palatino; font-size: 14pt; color: #008080;\">Di. 16.06.2026\u00a0 Sinnvolle Ideen in der Betreuung zur Sommerzeit von Kognitiv bis kreativ 120,00 \u20ac <\/span><\/p>\n<p><span style=\"font-family: Book Antiqua, Palatino; font-size: 14pt; color: #008080;\"><span style=\"color: #ff6600;\"><span style=\"color: #ff0000;\">leider keine freien Pl\u00e4tze mehr<\/span><span style=\"color: #000000;\">___________________________________________________________________________________<\/span><\/span><span style=\"color: #000000;\">__<\/span>___<\/span><\/p>\n<p><span style=\"font-family: Book Antiqua, Palatino; font-size: 14pt; color: #008080;\">Fr. 28.08.2026\u00a0 Seniorenbetreuung bei Sucht- und anderen Abh\u00e4ngigkeiten und Zw\u00e4ngen im Alter\u00a0 110,00 \u20ac\u00a0 <span style=\"color: #99cc00;\">noch freie Pl\u00e4tze<\/span><\/span><\/p>\n<hr \/>\n<p><span style=\"font-family: Book Antiqua, Palatino; font-size: 14pt; color: #008080;\">Do. 10.09.2026\u00a0 Basale Stimulation &amp; Snoezelen im Bereich Senioren-Betreuung 120,00 \u20ac\u00a0 <span style=\"color: #99cc00;\"> noch freie Pl\u00e4tze<\/span><\/span><\/p>\n<hr \/>\n<p><span style=\"font-family: Book Antiqua, Palatino; font-size: 14pt; color: #008080;\">Do. 24.09.2026\u00a0 kleine Bewegungen mit gro\u00dfer Wirkung-denn wer rastet, der rostet 110,00 \u20ac\u00a0 <span style=\"color: #99cc00;\">noch freie Pl\u00e4tze<\/span><\/span><\/p>\n<hr \/>\n<p><span style=\"font-family: Book Antiqua, Palatino; font-size: 14pt; color: #008080;\">Di. 20.10.2026\u00a0 Milieugestaltung in der Seniorenbetreuung \u2013 Wohlf\u00fchlbereiche 120,00 \u20ac\u00a0 \u00a0<span style=\"color: #99cc00;\"> noch freie Pl\u00e4tze<\/span><\/span><\/p>\n<hr \/>\n<p><span style=\"font-family: Book Antiqua, Palatino; font-size: 14pt; color: #008080;\">Do. 05.11.2026\u00a0 Weihnachtsworkshop gemeinsam mit den Senioren die Weihnachtszeit verbringen-Rituale-Religionen-Feiern in der Familie?\u00a0 \u00a0 \u00a0 125,00 \u20ac\u00a0 \u00a0 <span style=\"color: #99cc00;\">noch freie Pl\u00e4tze<\/span><\/span><\/p>\n<hr \/>\n<p><span style=\"font-family: Book Antiqua, Palatino; font-size: 14pt; color: #008080;\">Do. 19.11.2026\u00a0 Basale Stimulation &amp; Snoezelen im Bereich Senioren-Betreuung 120,00 \u20ac\u00a0 \u00a0<span style=\"color: #ff6600;\">noch wenig freie Pl\u00e4tze<\/span><\/span><\/p>\n\n\n<p><\/p>\n","protected":false},"excerpt":{"rendered":"<p>\u00a0 Workshop &#8211; Pflichtfortbildungen\u00a0 f\u00fcr Betreuungsassistenten\/innen &amp; Alltagsbegleiter\/innen Alle Fortbildung im Rahmen der Richtlinien gem\u00e4\u00df \u00a753b \u00a743b \u00a753c und \u00a745a SGB XI Lieber Workshop Interessent\/in, Der Veranstaltungsort ist im Stapelholmer Weg 5 in 24887 Silberstedt OT Esperstoft in unserem Workshopraum \/ Atelier. Jeder Workshop Tag beginnt um 9.00 Uhr und endet um 16.00 Uhr. (8&hellip;<\/p>\n","protected":false},"author":1,"featured_media":0,"parent":0,"menu_order":0,"comment_status":"closed","ping_status":"closed","template":"","meta":{"footnotes":""},"class_list":["post-155","page","type-page","status-publish","hentry"],"_links":{"self":[{"href":"https:\/\/schmetterlinge-im-kopf.net\/index.php?rest_route=\/wp\/v2\/pages\/155","targetHints":{"allow":["GET"]}}],"collection":[{"href":"https:\/\/schmetterlinge-im-kopf.net\/index.php?rest_route=\/wp\/v2\/pages"}],"about":[{"href":"https:\/\/schmetterlinge-im-kopf.net\/index.php?rest_route=\/wp\/v2\/types\/page"}],"author":[{"embeddable":true,"href":"https:\/\/schmetterlinge-im-kopf.net\/index.php?rest_route=\/wp\/v2\/users\/1"}],"replies":[{"embeddable":true,"href":"https:\/\/schmetterlinge-im-kopf.net\/index.php?rest_route=%2Fwp%2Fv2%2Fcomments&post=155"}],"version-history":[{"count":164,"href":"https:\/\/schmetterlinge-im-kopf.net\/index.php?rest_route=\/wp\/v2\/pages\/155\/revisions"}],"predecessor-version":[{"id":964,"href":"https:\/\/schmetterlinge-im-kopf.net\/index.php?rest_route=\/wp\/v2\/pages\/155\/revisions\/964"}],"wp:attachment":[{"href":"https:\/\/schmetterlinge-im-kopf.net\/index.php?rest_route=%2Fwp%2Fv2%2Fmedia&parent=155"}],"curies":[{"name":"wp","href":"https:\/\/api.w.org\/{rel}","templated":true}]}}