{"id":133,"date":"2018-09-16T19:06:02","date_gmt":"2018-09-16T19:06:02","guid":{"rendered":"http:\/\/schmetterlinge-im-kopf.net\/?page_id=133"},"modified":"2025-03-29T07:40:22","modified_gmt":"2025-03-29T07:40:22","slug":"referenzen","status":"publish","type":"page","link":"https:\/\/schmetterlinge-im-kopf.net\/?page_id=133","title":{"rendered":"Stammtisch"},"content":{"rendered":"\n<p>&nbsp;<\/p>\n\n\n<div class=\"wp-block-image\">\n<figure class=\"aligncenter size-full is-resized\"><img loading=\"lazy\" decoding=\"async\" width=\"820\" height=\"312\" src=\"http:\/\/schmetterlinge-im-kopf.net\/wp-content\/uploads\/2025\/01\/Stammtisch-Termine-2025.jpg\" alt=\"\" class=\"wp-image-786\" style=\"width:510px;height:auto\" srcset=\"https:\/\/schmetterlinge-im-kopf.net\/wp-content\/uploads\/2025\/01\/Stammtisch-Termine-2025.jpg 820w, https:\/\/schmetterlinge-im-kopf.net\/wp-content\/uploads\/2025\/01\/Stammtisch-Termine-2025-300x114.jpg 300w, https:\/\/schmetterlinge-im-kopf.net\/wp-content\/uploads\/2025\/01\/Stammtisch-Termine-2025-768x292.jpg 768w\" sizes=\"auto, (max-width: 820px) 100vw, 820px\" \/><\/figure><\/div>\n\n<p>&nbsp;<\/p>\n<p>&nbsp;<\/p>\n<p class=\"has-black-color has-text-color has-link-color has-medium-font-size\"><span style=\"font-family: Book Antiqua, Palatino; color: #008080; font-size: 14pt;\"><em><br \/><strong>Im September 2024 haben wir einen Betreuungs-Stammtisch hier in Silberstedt ins Leben gerufen.<\/strong><br \/><\/em><\/span><\/p>\n<p>&nbsp;<\/p>\n<p>&nbsp;<\/p>\n<p class=\"has-black-color has-text-color has-link-color has-medium-font-size\"><span style=\"font-family: Book Antiqua, Palatino; color: #008080; font-size: 14pt;\">Dieser findet einmal im Monat an immer unterschiedlichen Wochentagen in unserem Workshopraum oder jeden 2. Monat im: <strong>Alten- und Pflegeheim GmbH, <\/strong>Volquart-Pauls-Str. 8-10 in 25813 Husum statt.<\/span><\/p>\n<p class=\"has-black-color has-text-color has-link-color has-medium-font-size\"><span style=\"font-family: Book Antiqua, Palatino; color: #008080; font-size: 14pt;\">Der Stammtisch ist unentgeltlich und jeder Betreuer\/in ist herzlich zu unseren Terminen eingeladen.<\/span><\/p>\n<p class=\"has-black-color has-text-color has-link-color has-medium-font-size\"><span style=\"font-family: Book Antiqua, Palatino; color: #008080; font-size: 14pt;\">Start ist immer um 15.30 Uhr, Ihr k\u00f6nnt auch gern sp\u00e4ter noch dazu kommen.<\/span><\/p>\n<p class=\"has-black-color has-text-color has-link-color has-medium-font-size\"><span style=\"font-family: Book Antiqua, Palatino; color: #008080; font-size: 14pt;\">Warme und kalte Getr\u00e4nke stehen im Workshopraum-Silberstedt immer zur Verf\u00fcgung und Snacks d\u00fcrfen gern mitgebracht werden. (Unser Sparschwein freut sich \u00fcber eine kleine Aufwandsentsch\u00e4digung f\u00fcr die Getr\u00e4nke)<\/span><\/p>\n<p><span style=\"font-family: Book Antiqua, Palatino; font-size: 14pt; color: #008080;\">Auch in Husum ist die EL Frau Speck so liebensw\u00fcrdig und stellt uns warme und kalte Getr\u00e4nke f\u00fcr eine kleine Aufwandsentsch\u00e4digung ins Sparschwein zur Verf\u00fcgung. Dankesch\u00f6n daf\u00fcr \ud83d\ude42 .<\/span><\/p>\n<p class=\"has-black-color has-text-color has-link-color has-medium-font-size\"><span style=\"font-family: Book Antiqua, Palatino; color: #008080; font-size: 14pt;\">Habt Ihr Fragen, dann meldet Euch bei uns bitte per Mail oder Telefon.<\/span><\/p>\n<p class=\"has-black-color has-text-color has-link-color has-medium-font-size\"><span style=\"font-family: Book Antiqua, Palatino; color: #008080; font-size: 14pt;\">Euere Iris<\/span><\/p>\n<p>&nbsp;<\/p>\n<p><span style=\"font-family: Book Antiqua, Palatino; color: #008080; font-size: 14pt;\">Alle Stammtischtermine 2025<\/span><\/p>\n<p>&nbsp;<\/p>\n<p><span style=\"font-family: Book Antiqua, Palatino; color: #008080; font-size: 14pt;\">Di. 21.01.2025\u00a0\u00a0\u00a0 im Workshopraum 24887 Silberstedt<br \/><\/span><\/p>\n<p>&nbsp;<\/p>\n<p><span style=\"font-family: Book Antiqua, Palatino; color: #008080; font-size: 14pt;\">Mo. 17.02.2025\u00a0\u00a0 im Workshopraum 24887 Silberstedt<br \/><\/span><\/p>\n<p>&nbsp;<\/p>\n<p><span style=\"font-family: Book Antiqua, Palatino; color: #008080; font-size: 14pt;\">Mi. 19.03.2025 \u00a0 in Husum Volquart-Pauls-Str. 8-10<br \/><\/span><\/p>\n<p><span style=\"font-family: Book Antiqua, Palatino; color: #008080;\"><span style=\"font-size: 14pt;\">Do.\u00a0 03.04.2025\u00a0<\/span> <span style=\"font-size: 14pt;\">im Workshopraum 24887 Silberstedt<\/span><\/span><\/p>\n<p>&nbsp;<\/p>\n<p><span style=\"font-family: Book Antiqua, Palatino; color: #008080; font-size: 14pt;\">Fr. 16.05.2025\u00a0 im Workshopraum 24887 Silberstedt<\/span><\/p>\n<p>&nbsp;<\/p>\n<p><span style=\"font-family: Book Antiqua, Palatino; color: #008080; font-size: 14pt;\">Di. 10.06.2025\u00a0 in Husum Volquart-Pauls-Str. 8-10<br \/>________________________________________<\/span><\/p>\n<p>&nbsp;<\/p>\n<p>&nbsp;<\/p>\n<p><span style=\"font-family: Book Antiqua, Palatino; color: #008080; font-size: 14pt;\">Do. 18.09.2025\u00a0\u00a0<\/span><span style=\"color: #008080; font-size: 14pt;\">im Workshopraum 24887 Silberstedt<\/span><\/p>\n<p>&nbsp;<\/p>\n<p><span style=\"font-family: Book Antiqua, Palatino; color: #008080; font-size: 14pt;\">Di. 14.10.2025\u00a0\u00a0 in Husum Volquart-Pauls-Str. 8-10<br \/><\/span><\/p>\n<p>&nbsp;<\/p>\n<p><span style=\"font-family: Book Antiqua, Palatino; color: #008080; font-size: 14pt;\">Mi. 12.11.2025\u00a0\u00a0 im Workshopraum 24887 Silberstedt<br \/><\/span><\/p>\n<p>&nbsp;<\/p>\n<p><span style=\"font-family: Book Antiqua, Palatino; color: #008080; font-size: 14pt;\">Fr. 05.12.2025\u00a0\u00a0 im Workshopraum 24887 Silberstedt-inkl. Weihnachtsfeier \ud83d\ude42 um Voranmeldung eine Woche vorher wird gebeten<\/span><\/p>\n<p><span style=\"font-family: Book Antiqua, Palatino; color: #008080; font-size: 14pt;\">am letzten Termin im Jahr 2025 werden die neuen Termine f\u00fcr Kalenderjahr 2026 bekannt gegeben \ud83d\ude42<\/span><\/p>\n<p>&nbsp;<\/p>\n<p>&nbsp;<\/p>","protected":false},"excerpt":{"rendered":"<p>&nbsp; &nbsp; &nbsp; Im September 2024 haben wir einen Betreuungs-Stammtisch hier in Silberstedt ins Leben gerufen. &nbsp; &nbsp; Dieser findet einmal im Monat an immer unterschiedlichen Wochentagen in unserem Workshopraum oder jeden 2. Monat im: Alten- und Pflegeheim GmbH, Volquart-Pauls-Str. 8-10 in 25813 Husum statt. Der Stammtisch ist unentgeltlich und jeder Betreuer\/in ist herzlich zu&hellip;<\/p>\n","protected":false},"author":1,"featured_media":0,"parent":0,"menu_order":0,"comment_status":"closed","ping_status":"closed","template":"","meta":{"footnotes":""},"class_list":["post-133","page","type-page","status-publish","hentry"],"_links":{"self":[{"href":"https:\/\/schmetterlinge-im-kopf.net\/index.php?rest_route=\/wp\/v2\/pages\/133","targetHints":{"allow":["GET"]}}],"collection":[{"href":"https:\/\/schmetterlinge-im-kopf.net\/index.php?rest_route=\/wp\/v2\/pages"}],"about":[{"href":"https:\/\/schmetterlinge-im-kopf.net\/index.php?rest_route=\/wp\/v2\/types\/page"}],"author":[{"embeddable":true,"href":"https:\/\/schmetterlinge-im-kopf.net\/index.php?rest_route=\/wp\/v2\/users\/1"}],"replies":[{"embeddable":true,"href":"https:\/\/schmetterlinge-im-kopf.net\/index.php?rest_route=%2Fwp%2Fv2%2Fcomments&post=133"}],"version-history":[{"count":22,"href":"https:\/\/schmetterlinge-im-kopf.net\/index.php?rest_route=\/wp\/v2\/pages\/133\/revisions"}],"predecessor-version":[{"id":916,"href":"https:\/\/schmetterlinge-im-kopf.net\/index.php?rest_route=\/wp\/v2\/pages\/133\/revisions\/916"}],"wp:attachment":[{"href":"https:\/\/schmetterlinge-im-kopf.net\/index.php?rest_route=%2Fwp%2Fv2%2Fmedia&parent=133"}],"curies":[{"name":"wp","href":"https:\/\/api.w.org\/{rel}","templated":true}]}}