{"id":44,"date":"2018-09-15T16:55:40","date_gmt":"2018-09-15T16:55:40","guid":{"rendered":"http:\/\/test.anjoho.de\/?page_id=44"},"modified":"2018-09-20T19:20:53","modified_gmt":"2018-09-20T19:20:53","slug":"meine-angebote-fuer-sie","status":"publish","type":"page","link":"http:\/\/schmetterlinge-im-kopf.net\/?page_id=44","title":{"rendered":"Meine Angebote f\u00fcr Sie"},"content":{"rendered":"<p style=\"text-align: center;\"><span style=\"font-family: Times New Roman, Times; font-size: 36pt;\">Meine Angebote f\u00fcr Sie<\/span><\/p>\n<p>&nbsp;<\/p>\n<ul>\n<li style=\"text-align: center;\"><span style=\"font-family: Times New Roman, Times; font-size: 18pt; color: #287d6c;\">Betreuung und Aktivierung von erkrankten Senioren (Demenz, Alzheimer, Korsakow usw.)<\/span><\/li>\n<li style=\"text-align: center;\"><span style=\"font-family: Times New Roman, Times; font-size: 18pt; color: #287d6c;\">Gemeinsame Gestaltung des Alltags und F\u00f6rderung der Ressourcen<\/span><\/li>\n<li style=\"text-align: center;\"><span style=\"font-family: Times New Roman, Times; font-size: 18pt; color: #287d6c;\">Biografiearbeit<\/span><\/li>\n<li style=\"text-align: center;\"><span style=\"font-family: Times New Roman, Times; font-size: 18pt; color: #287d6c;\">Erhalt von sozialen Kontakten und Freude am Leben gewinnen<\/span><\/li>\n<li style=\"text-align: center;\"><span style=\"font-family: Times New Roman, Times; font-size: 18pt; color: #287d6c;\">Besuch und Aktivierung bei Bettl\u00e4gerigkeit<\/span><\/li>\n<li style=\"text-align: center;\"><span style=\"font-family: Times New Roman, Times; font-size: 18pt; color: #287d6c;\">Gruppenstunden bis 15 Personen in Senioren- und Behinderteneinrichtungen<\/span><\/li>\n<\/ul>\n<p style=\"text-align: center;\"><span style=\"font-family: Times New Roman, Times; font-size: 18pt; color: #287d6c;\">Meine Leistungen k\u00f6nnen Sie unter bestimmten Voraussetzungen \u00fcber die Pflegekasse abrechnen.<\/span><br \/>\n<span style=\"font-family: Times New Roman, Times; font-size: 18pt; color: #287d6c;\">(Aktuell mtl. 125,- \u20ac Entlastungsbetrag von Ihrer Pflegekasse.)<\/span><\/p>\n<p style=\"text-align: center;\"><span style=\"font-family: Times New Roman, Times; font-size: 18pt; color: #287d6c;\">Sie haben andere W\u00fcnsche und Ideen, sprechen Sie mich an.<\/span><\/p>\n","protected":false},"excerpt":{"rendered":"<p>Meine Angebote f\u00fcr Sie &nbsp; Betreuung und Aktivierung von erkrankten Senioren (Demenz, Alzheimer, Korsakow usw.) Gemeinsame Gestaltung des Alltags und F\u00f6rderung der Ressourcen Biografiearbeit Erhalt von sozialen Kontakten und Freude am Leben gewinnen Besuch und Aktivierung bei Bettl\u00e4gerigkeit Gruppenstunden bis 15 Personen in Senioren- und Behinderteneinrichtungen Meine Leistungen k\u00f6nnen Sie unter bestimmten Voraussetzungen \u00fcber die&hellip;<\/p>\n","protected":false},"author":1,"featured_media":0,"parent":0,"menu_order":0,"comment_status":"closed","ping_status":"closed","template":"","meta":{"footnotes":""},"class_list":["post-44","page","type-page","status-publish","hentry"],"_links":{"self":[{"href":"http:\/\/schmetterlinge-im-kopf.net\/index.php?rest_route=\/wp\/v2\/pages\/44","targetHints":{"allow":["GET"]}}],"collection":[{"href":"http:\/\/schmetterlinge-im-kopf.net\/index.php?rest_route=\/wp\/v2\/pages"}],"about":[{"href":"http:\/\/schmetterlinge-im-kopf.net\/index.php?rest_route=\/wp\/v2\/types\/page"}],"author":[{"embeddable":true,"href":"http:\/\/schmetterlinge-im-kopf.net\/index.php?rest_route=\/wp\/v2\/users\/1"}],"replies":[{"embeddable":true,"href":"http:\/\/schmetterlinge-im-kopf.net\/index.php?rest_route=%2Fwp%2Fv2%2Fcomments&post=44"}],"version-history":[{"count":6,"href":"http:\/\/schmetterlinge-im-kopf.net\/index.php?rest_route=\/wp\/v2\/pages\/44\/revisions"}],"predecessor-version":[{"id":299,"href":"http:\/\/schmetterlinge-im-kopf.net\/index.php?rest_route=\/wp\/v2\/pages\/44\/revisions\/299"}],"wp:attachment":[{"href":"http:\/\/schmetterlinge-im-kopf.net\/index.php?rest_route=%2Fwp%2Fv2%2Fmedia&parent=44"}],"curies":[{"name":"wp","href":"https:\/\/api.w.org\/{rel}","templated":true}]}}