{"id":40,"date":"2018-09-15T16:41:21","date_gmt":"2018-09-15T16:41:21","guid":{"rendered":"http:\/\/test.anjoho.de\/?page_id=40"},"modified":"2018-09-20T19:15:47","modified_gmt":"2018-09-20T19:15:47","slug":"fuer-den-angehoerigen","status":"publish","type":"page","link":"http:\/\/schmetterlinge-im-kopf.net\/?page_id=40","title":{"rendered":"F\u00fcr den Angeh\u00f6rigen"},"content":{"rendered":"<p style=\"text-align: center;\"><span style=\"font-family: Times New Roman, Times; font-size: 36pt;\">F\u00fcr den Angeh\u00f6rigen<\/span><\/p>\n<p>&nbsp;<\/p>\n<ul>\n<li style=\"text-align: center;\"><span style=\"font-family: Times New Roman, Times; font-size: 18pt; color: #287d6c;\">Freir\u00e4ume schaffen<\/span><\/li>\n<li style=\"text-align: center;\"><span style=\"font-family: Times New Roman, Times; font-size: 18pt; color: #287d6c;\">Stundenweise f\u00fcr Entlastung sorgen<\/span><\/li>\n<li style=\"text-align: center;\"><span style=\"font-family: Times New Roman, Times; font-size: 18pt; color: #287d6c;\">Individuelle Beratung<\/span><\/li>\n<li style=\"text-align: center;\"><span style=\"font-family: Times New Roman, Times; font-size: 18pt; color: #287d6c;\">Betreuung nach Ma\u00df<\/span><\/li>\n<li style=\"text-align: center;\"><span style=\"font-family: Times New Roman, Times; font-size: 18pt; color: #287d6c;\">Strukturierter Ablauf f\u00fcr den zu Betreuenden<\/span><\/li>\n<li style=\"text-align: center;\"><span style=\"font-family: Times New Roman, Times; font-size: 18pt; color: #287d6c;\">Durch die Zusammenarbeit mit dem Pflegedienst eine Alternative zum Heimplatz schaffen<\/span><\/li>\n<\/ul>\n","protected":false},"excerpt":{"rendered":"<p>F\u00fcr den Angeh\u00f6rigen &nbsp; Freir\u00e4ume schaffen Stundenweise f\u00fcr Entlastung sorgen Individuelle Beratung Betreuung nach Ma\u00df Strukturierter Ablauf f\u00fcr den zu Betreuenden Durch die Zusammenarbeit mit dem Pflegedienst eine Alternative zum Heimplatz schaffen<\/p>\n","protected":false},"author":1,"featured_media":0,"parent":0,"menu_order":0,"comment_status":"closed","ping_status":"closed","template":"","meta":{"footnotes":""},"class_list":["post-40","page","type-page","status-publish","hentry"],"_links":{"self":[{"href":"http:\/\/schmetterlinge-im-kopf.net\/index.php?rest_route=\/wp\/v2\/pages\/40","targetHints":{"allow":["GET"]}}],"collection":[{"href":"http:\/\/schmetterlinge-im-kopf.net\/index.php?rest_route=\/wp\/v2\/pages"}],"about":[{"href":"http:\/\/schmetterlinge-im-kopf.net\/index.php?rest_route=\/wp\/v2\/types\/page"}],"author":[{"embeddable":true,"href":"http:\/\/schmetterlinge-im-kopf.net\/index.php?rest_route=\/wp\/v2\/users\/1"}],"replies":[{"embeddable":true,"href":"http:\/\/schmetterlinge-im-kopf.net\/index.php?rest_route=%2Fwp%2Fv2%2Fcomments&post=40"}],"version-history":[{"count":3,"href":"http:\/\/schmetterlinge-im-kopf.net\/index.php?rest_route=\/wp\/v2\/pages\/40\/revisions"}],"predecessor-version":[{"id":291,"href":"http:\/\/schmetterlinge-im-kopf.net\/index.php?rest_route=\/wp\/v2\/pages\/40\/revisions\/291"}],"wp:attachment":[{"href":"http:\/\/schmetterlinge-im-kopf.net\/index.php?rest_route=%2Fwp%2Fv2%2Fmedia&parent=40"}],"curies":[{"name":"wp","href":"https:\/\/api.w.org\/{rel}","templated":true}]}}